{"id":82,"date":"2025-06-19T16:28:34","date_gmt":"2025-06-19T14:28:34","guid":{"rendered":"http:\/\/normandie-nuisibles.fr\/?page_id=82"},"modified":"2025-06-28T11:36:07","modified_gmt":"2025-06-28T09:36:07","slug":"rats-souris","status":"publish","type":"page","link":"https:\/\/normandie-nuisibles.fr\/index.php\/rats-souris\/","title":{"rendered":"Rats \/ souris"},"content":{"rendered":"<div class=\"wp-block-image\">\n<figure class=\"aligncenter size-full is-resized\"><img loading=\"lazy\" decoding=\"async\" width=\"150\" height=\"150\" src=\"http:\/\/normandie-nuisibles.fr\/wp-content\/uploads\/2025\/06\/LogoPlus-150x150-1.png\" alt=\"\" class=\"wp-image-13\" style=\"width:150px;height:auto\"\/><\/figure>\n<\/div>\n\n\n<div style=\"height:20px\" aria-hidden=\"true\" class=\"wp-block-spacer\"><\/div>\n\n\n<div class=\"wp-block-image\">\n<figure class=\"aligncenter size-full is-resized\"><img loading=\"lazy\" decoding=\"async\" width=\"1125\" height=\"632\" src=\"http:\/\/normandie-nuisibles.fr\/wp-content\/uploads\/2025\/06\/quel-rongeur-dans-maison-alix-menez-1920w.webp\" alt=\"\" class=\"wp-image-321\" style=\"width:750px;height:auto\" srcset=\"https:\/\/normandie-nuisibles.fr\/wp-content\/uploads\/2025\/06\/quel-rongeur-dans-maison-alix-menez-1920w.webp 1125w, https:\/\/normandie-nuisibles.fr\/wp-content\/uploads\/2025\/06\/quel-rongeur-dans-maison-alix-menez-1920w-300x169.webp 300w, https:\/\/normandie-nuisibles.fr\/wp-content\/uploads\/2025\/06\/quel-rongeur-dans-maison-alix-menez-1920w-1024x575.webp 1024w, https:\/\/normandie-nuisibles.fr\/wp-content\/uploads\/2025\/06\/quel-rongeur-dans-maison-alix-menez-1920w-768x431.webp 768w\" sizes=\"auto, (max-width: 1125px) 100vw, 1125px\" \/><\/figure>\n<\/div>\n\n\n<div style=\"height:56px\" aria-hidden=\"true\" class=\"wp-block-spacer\"><\/div>\n\n\n\n<p class=\"has-text-align-center has-vivid-red-color has-text-color has-link-color has-x-large-font-size wp-elements-a3315cce1234b16d06b8305d07de726c\"><strong>NOUS CONTACTER AU 06 30 49 92 52<\/strong><\/p>\n\n\n\n<div style=\"height:56px\" aria-hidden=\"true\" class=\"wp-block-spacer\"><\/div>\n\n\n\n<p class=\"has-text-align-center has-large-font-size\"><strong>A partir de 180\u20ac TTC <\/strong><\/p>\n\n\n\n<div style=\"height:56px\" aria-hidden=\"true\" class=\"wp-block-spacer\"><\/div>\n\n\n\n<p class=\"has-text-align-center has-vivid-green-cyan-color has-text-color has-link-color has-large-font-size wp-elements-57bbae81e7447cf31517d2d3f757ff23\"><strong>Normandie Nuisibles est une entreprise sp\u00e9cialis\u00e9 dans l&rsquo;identification des <\/strong><\/p>\n\n\n\n<div style=\"height:21px\" aria-hidden=\"true\" class=\"wp-block-spacer\"><\/div>\n\n\n\n<div style=\"height:0px\" aria-hidden=\"true\" class=\"wp-block-spacer\"><\/div>\n\n\n\n<p class=\"has-text-align-center has-vivid-green-cyan-color has-text-color has-link-color has-large-font-size wp-elements-876fcc36adda254747fdaddb19499cba\"><strong>rongeurs pour d\u00e9terminer avec pr\u00e9cision \u00e0 quels types de nuisibles vous \u00eates <\/strong><\/p>\n\n\n\n<div style=\"height:21px\" aria-hidden=\"true\" class=\"wp-block-spacer\"><\/div>\n\n\n\n<p class=\"has-text-align-center has-vivid-green-cyan-color has-text-color has-link-color has-large-font-size wp-elements-294078eef51c9e4462959c0b625305ea\"><strong>confront\u00e9s.<\/strong><\/p>\n\n\n\n<div style=\"height:56px\" aria-hidden=\"true\" class=\"wp-block-spacer\"><\/div>\n\n\n\n<p class=\"has-text-align-center has-large-font-size\">Notre \u00e9quipe intervient du Lundi au samedi <\/p>\n\n\n\n<div style=\"height:21px\" aria-hidden=\"true\" class=\"wp-block-spacer\"><\/div>\n\n\n\n<p class=\"has-text-align-center has-medium-font-size\">il faut compter minimum 1 heure au 1er rendez-vous afin de d\u00e9terminer et mettre en place le traitement.<\/p>\n\n\n\n<div style=\"height:21px\" aria-hidden=\"true\" class=\"wp-block-spacer\"><\/div>\n\n\n\n<p class=\"has-text-align-center has-large-font-size\"><\/p>\n\n\n\n<div style=\"height:56px\" aria-hidden=\"true\" class=\"wp-block-spacer\"><\/div>\n\n\n\n<p class=\"has-vivid-green-cyan-color has-text-color has-link-color has-large-font-size wp-elements-f2ba904737d801edbcfc649ae0c2c6e4\"><strong>TARIFS<\/strong><\/p>\n\n\n\n<div style=\"height:26px\" aria-hidden=\"true\" class=\"wp-block-spacer\"><\/div>\n\n\n\n<div style=\"height:0px\" aria-hidden=\"true\" class=\"wp-block-spacer\"><\/div>\n\n\n\n<p>Les tarifs comprennent la recherche pour savoir d&rsquo;o\u00f9 proviennent les rats, souris et autres rongeurs, mise en place du traitement, la recharge des bo\u00eetes ainsi que le d\u00e9placement.<\/p>\n\n\n\n<div style=\"height:26px\" aria-hidden=\"true\" class=\"wp-block-spacer\"><\/div>\n\n\n\n<ul class=\"wp-block-list\">\n<li class=\"has-large-font-size\">Traitement ponctuel : A partir de <strong>180\u20ac<\/strong><\/li>\n<\/ul>\n\n\n\n<div style=\"height:60px\" aria-hidden=\"true\" class=\"wp-block-spacer\"><\/div>\n\n\n\n<ul class=\"wp-block-list\">\n<li class=\"has-large-font-size\">Traitement annuel: <strong>sur devis<\/strong><\/li>\n<\/ul>\n\n\n\n<div style=\"height:56px\" aria-hidden=\"true\" class=\"wp-block-spacer\"><\/div>\n\n\n\n<p>Une intervention de d\u00e9ratisation doit avoir des r\u00e9sultats rapides et efficaces; c&rsquo;est pourquoi il est primordial que la strat\u00e9gie soit adapt\u00e9e \u00e0 la situation r\u00e9elle du client.<\/p>\n\n\n\n<div style=\"height:15px\" aria-hidden=\"true\" class=\"wp-block-spacer\"><\/div>\n\n\n\n<p>c&rsquo;est pourquoi le d\u00e9ratiseur doit effectuer un diagnostic pr\u00e9cis de la situation, et prendre en compte plusieurs param\u00e8tres afin d&rsquo;\u00e9tablir le meilleur traitement, avec un prix au plus juste.<\/p>\n\n\n\n<div style=\"height:15px\" aria-hidden=\"true\" class=\"wp-block-spacer\"><\/div>\n\n\n\n<p>Ainsi, le d\u00e9ratiseur tient compte du type de nuisibles, de l&rsquo;ampleur de la prolif\u00e9ration des rongeurs, des produits \u00e0 appliquer ainsi que le nombre de passages.<\/p>\n\n\n\n<div style=\"height:56px\" aria-hidden=\"true\" class=\"wp-block-spacer\"><\/div>\n\n\n\n<p class=\"has-vivid-green-cyan-color has-text-color has-link-color has-large-font-size wp-elements-bf05fe53806c3279f5a44cf3fdef701a\"><strong>Notre m\u00e9thode<\/strong><\/p>\n\n\n\n<div style=\"height:26px\" aria-hidden=\"true\" class=\"wp-block-spacer\"><\/div>\n\n\n\n<p>les sont multiples: recherche de nourriture et d&rsquo;abri, acc\u00e8s facile, aliments mal stock\u00e9.<\/p>\n\n\n\n<div style=\"height:21px\" aria-hidden=\"true\" class=\"wp-block-spacer\"><\/div>\n\n\n\n<p class=\"has-vivid-green-cyan-color has-text-color has-link-color has-large-font-size wp-elements-32c60f646020b08684da72f4ac02c6ee\"><strong>Les risques et cons\u00e9quences <\/strong><\/p>\n\n\n\n<div style=\"height:25px\" aria-hidden=\"true\" class=\"wp-block-spacer\"><\/div>\n\n\n\n<p>Les risques principal d&rsquo;une infestation de rongeurs est le risque d&rsquo;incendie, sanitaires, ils peuvent contaminer certaines surfaces avec leurs urines et leurs d\u00e9jections, ce qui augmente le risque de transmission de maladie.<\/p>\n\n\n\n<div style=\"height:56px\" aria-hidden=\"true\" class=\"wp-block-spacer\"><\/div>\n\n\n<div class=\"wp-block-image\">\n<figure class=\"aligncenter size-large is-resized\"><img loading=\"lazy\" decoding=\"async\" width=\"716\" height=\"1024\" src=\"http:\/\/normandie-nuisibles.fr\/wp-content\/uploads\/2025\/06\/jm-rat-716x1024.jpg\" alt=\"\" class=\"wp-image-172\" style=\"width:277px;height:auto\" srcset=\"https:\/\/normandie-nuisibles.fr\/wp-content\/uploads\/2025\/06\/jm-rat-716x1024.jpg 716w, https:\/\/normandie-nuisibles.fr\/wp-content\/uploads\/2025\/06\/jm-rat-210x300.jpg 210w, https:\/\/normandie-nuisibles.fr\/wp-content\/uploads\/2025\/06\/jm-rat-768x1098.jpg 768w, https:\/\/normandie-nuisibles.fr\/wp-content\/uploads\/2025\/06\/jm-rat-1074x1536.jpg 1074w, https:\/\/normandie-nuisibles.fr\/wp-content\/uploads\/2025\/06\/jm-rat-1432x2048.jpg 1432w, https:\/\/normandie-nuisibles.fr\/wp-content\/uploads\/2025\/06\/jm-rat-1140x1630.jpg 1140w, https:\/\/normandie-nuisibles.fr\/wp-content\/uploads\/2025\/06\/jm-rat-scaled.jpg 1790w\" sizes=\"auto, (max-width: 716px) 100vw, 716px\" \/><\/figure>\n<\/div>","protected":false},"excerpt":{"rendered":"<p>NOUS CONTACTER AU 06 30 49 92 52 A partir de 180\u20ac TTC Normandie Nuisibles est une entreprise sp\u00e9cialis\u00e9 dans l&rsquo;identification des rongeurs pour d\u00e9terminer avec pr\u00e9cision \u00e0 quels types de nuisibles vous \u00eates confront\u00e9s. Notre \u00e9quipe intervient du Lundi au samedi il faut compter minimum 1 heure au 1er rendez-vous afin de d\u00e9terminer et mettre en place le traitement. TARIFS Les tarifs comprennent la recherche pour savoir d&rsquo;o\u00f9 proviennent les rats, souris et autres rongeurs, mise en place du traitement, la recharge des bo\u00eetes ainsi que le d\u00e9placement. Une intervention de d\u00e9ratisation doit avoir des r\u00e9sultats rapides et efficaces; c&rsquo;est pourquoi il est primordial que la strat\u00e9gie soit adapt\u00e9e \u00e0 la situation r\u00e9elle du client. c&rsquo;est pourquoi le d\u00e9ratiseur doit effectuer un diagnostic pr\u00e9cis de la situation, et prendre en compte plusieurs param\u00e8tres afin d&rsquo;\u00e9tablir le meilleur traitement, avec un prix au plus juste. Ainsi, le d\u00e9ratiseur tient compte du type de nuisibles, de l&rsquo;ampleur de la prolif\u00e9ration des rongeurs, des produits \u00e0 appliquer ainsi que le nombre de passages. Notre m\u00e9thode les sont multiples: recherche de nourriture et d&rsquo;abri, acc\u00e8s facile, aliments mal stock\u00e9. Les risques et cons\u00e9quences Les risques principal d&rsquo;une infestation de rongeurs est le risque d&rsquo;incendie, sanitaires, ils peuvent contaminer certaines surfaces avec leurs urines et leurs d\u00e9jections, ce qui augmente le risque de transmission de maladie.<\/p>\n","protected":false},"author":1,"featured_media":0,"parent":0,"menu_order":0,"comment_status":"closed","ping_status":"closed","template":"","meta":{"footnotes":""},"class_list":["post-82","page","type-page","status-publish","hentry"],"_links":{"self":[{"href":"https:\/\/normandie-nuisibles.fr\/index.php\/wp-json\/wp\/v2\/pages\/82","targetHints":{"allow":["GET"]}}],"collection":[{"href":"https:\/\/normandie-nuisibles.fr\/index.php\/wp-json\/wp\/v2\/pages"}],"about":[{"href":"https:\/\/normandie-nuisibles.fr\/index.php\/wp-json\/wp\/v2\/types\/page"}],"author":[{"embeddable":true,"href":"https:\/\/normandie-nuisibles.fr\/index.php\/wp-json\/wp\/v2\/users\/1"}],"replies":[{"embeddable":true,"href":"https:\/\/normandie-nuisibles.fr\/index.php\/wp-json\/wp\/v2\/comments?post=82"}],"version-history":[{"count":38,"href":"https:\/\/normandie-nuisibles.fr\/index.php\/wp-json\/wp\/v2\/pages\/82\/revisions"}],"predecessor-version":[{"id":366,"href":"https:\/\/normandie-nuisibles.fr\/index.php\/wp-json\/wp\/v2\/pages\/82\/revisions\/366"}],"wp:attachment":[{"href":"https:\/\/normandie-nuisibles.fr\/index.php\/wp-json\/wp\/v2\/media?parent=82"}],"curies":[{"name":"wp","href":"https:\/\/api.w.org\/{rel}","templated":true}]}}