{"id":81,"date":"2025-06-19T16:28:34","date_gmt":"2025-06-19T14:28:34","guid":{"rendered":"http:\/\/normandie-nuisibles.fr\/?page_id=81"},"modified":"2025-06-27T22:08:49","modified_gmt":"2025-06-27T20:08:49","slug":"guepes","status":"publish","type":"page","link":"https:\/\/normandie-nuisibles.fr\/index.php\/guepes\/","title":{"rendered":"Gu\u00eapes"},"content":{"rendered":"<div class=\"wp-block-image\">\n<figure class=\"aligncenter size-full\"><img loading=\"lazy\" decoding=\"async\" width=\"150\" height=\"150\" src=\"http:\/\/normandie-nuisibles.fr\/wp-content\/uploads\/2025\/06\/LogoPlus-150x150-2.png\" alt=\"\" class=\"wp-image-203\" srcset=\"https:\/\/normandie-nuisibles.fr\/wp-content\/uploads\/2025\/06\/LogoPlus-150x150-2.png 150w, https:\/\/normandie-nuisibles.fr\/wp-content\/uploads\/2025\/06\/LogoPlus-150x150-2-75x75.png 75w\" sizes=\"auto, (max-width: 150px) 100vw, 150px\" \/><\/figure>\n<\/div>\n\n<div class=\"wp-block-image\">\n<figure class=\"aligncenter size-full\"><img loading=\"lazy\" decoding=\"async\" width=\"770\" height=\"259\" src=\"http:\/\/normandie-nuisibles.fr\/wp-content\/uploads\/2025\/06\/heminopteres-1.jpg\" alt=\"\" class=\"wp-image-154\" srcset=\"https:\/\/normandie-nuisibles.fr\/wp-content\/uploads\/2025\/06\/heminopteres-1.jpg 770w, https:\/\/normandie-nuisibles.fr\/wp-content\/uploads\/2025\/06\/heminopteres-1-300x101.jpg 300w, https:\/\/normandie-nuisibles.fr\/wp-content\/uploads\/2025\/06\/heminopteres-1-768x258.jpg 768w\" sizes=\"auto, (max-width: 770px) 100vw, 770px\" \/><\/figure>\n<\/div>\n\n\n<div style=\"height:56px\" aria-hidden=\"true\" class=\"wp-block-spacer\"><\/div>\n\n\n\n<p class=\"has-text-align-center has-vivid-red-color has-text-color has-link-color has-x-large-font-size wp-elements-e534cdc610fd1fd5c4550717983e1ceb\"><strong>nous contacter au 06 30 49 92 52<\/strong><\/p>\n\n\n\n<div style=\"height:56px\" aria-hidden=\"true\" class=\"wp-block-spacer\"><\/div>\n\n\n\n<p class=\"has-text-align-center has-large-font-size\"><strong>A partir de 70\u20ac TTC intervention garantie toute l&rsquo;ann\u00e9e<\/strong><\/p>\n\n\n\n<div style=\"height:2px\" aria-hidden=\"true\" class=\"wp-block-spacer\"><\/div>\n\n\n\n<div style=\"height:56px\" aria-hidden=\"true\" class=\"wp-block-spacer\"><\/div>\n\n\n\n<p class=\"has-text-align-center has-vivid-green-cyan-color has-text-color has-link-color has-large-font-size wp-elements-6b37516781f6be27a5019d220dafdc10\"><strong>Normandie Nuisibles est une entreprise sp\u00e9cialis\u00e9 dans la destruction et<\/strong><\/p>\n\n\n\n<div style=\"height:21px\" aria-hidden=\"true\" class=\"wp-block-spacer\"><\/div>\n\n\n\n<p class=\"has-text-align-center has-vivid-green-cyan-color has-text-color has-link-color has-large-font-size wp-elements-787abcf015f06c0d6076120602e25be4\"><strong>enl\u00e8vement de ses nuisibles.<\/strong><\/p>\n\n\n\n<div style=\"height:56px\" aria-hidden=\"true\" class=\"wp-block-spacer\"><\/div>\n\n\n\n<p class=\"has-text-align-center has-medium-font-size\">Notre \u00e9quipe intervient 7 jours \/ 7 dimanche et jours f\u00e9ri\u00e9s sans suppl\u00e9ment afin de vous d\u00e9barrasser de ces insectes dangereux dans la une partie de la seine Maritime et de l&rsquo;Eure.<\/p>\n\n\n\n<div style=\"height:56px\" aria-hidden=\"true\" class=\"wp-block-spacer\"><\/div>\n\n\n\n<p class=\"has-vivid-green-cyan-color has-text-color has-link-color has-large-font-size wp-elements-344059d1afd44bde8449ea54f02d31a0\"><strong>TARIFS <\/strong><\/p>\n\n\n\n<div style=\"height:25px\" aria-hidden=\"true\" class=\"wp-block-spacer\"><\/div>\n\n\n\n<p>les tarifs indiqu\u00e9s comprennent le d\u00e9placement dans la zone forfaitaire 30km autour de Rouen et de Doudeville.<\/p>\n\n\n\n<div style=\"height:20px\" aria-hidden=\"true\" class=\"wp-block-spacer\"><\/div>\n\n\n\n<p>C&rsquo;est essentiellement l&rsquo;accessibilit\u00e9 au nid qui influe le tarif de la destruction.<\/p>\n\n\n\n<div style=\"height:20px\" aria-hidden=\"true\" class=\"wp-block-spacer\"><\/div>\n\n\n\n<ul class=\"wp-block-list\">\n<li>Nid jusqu&rsquo;\u00e0 3 m\u00e8tres: 70\u20ac<\/li>\n<\/ul>\n\n\n\n<ul class=\"wp-block-list\">\n<li>nid de 3 m\u00e8tres \u00e0 10 m\u00e8tres: 90\u20ac<\/li>\n<\/ul>\n\n\n\n<ul class=\"wp-block-list\">\n<li>Au del\u00e0 de 10 m\u00e8tres: de 130\u20ac \u00e0 160\u20ac<\/li>\n<\/ul>\n\n\n\n<div style=\"height:20px\" aria-hidden=\"true\" class=\"wp-block-spacer\"><\/div>\n\n\n\n<p class=\"has-medium-font-size\"><strong>Les tarifs sont TTC et garantie toute l&rsquo;ann\u00e9e o\u00f9 nous revenons gratuitement.<\/strong><\/p>\n\n\n\n<div style=\"height:20px\" aria-hidden=\"true\" class=\"wp-block-spacer\"><\/div>\n\n\n\n<p class=\"has-text-align-center has-vivid-red-color has-text-color has-link-color has-medium-font-size wp-elements-4fdcf478be1473892695d74d3b7a7ea7\"><strong>Nous sommes conventionn\u00e9s avec le d\u00e9partement pour la prise en charge du frelons asiatiques.<\/strong><\/p>\n\n\n\n<div style=\"height:20px\" aria-hidden=\"true\" class=\"wp-block-spacer\"><\/div>\n\n\n\n<p>Au del\u00e0 de la zone forfaitaire pr\u00e9voir un suppl\u00e9ment de d\u00e9placement de 1\u20ac par kilom\u00e8tre.<\/p>\n\n\n\n<div style=\"height:56px\" aria-hidden=\"true\" class=\"wp-block-spacer\"><\/div>\n\n\n<div class=\"wp-block-image\">\n<figure class=\"aligncenter size-large is-resized\"><img loading=\"lazy\" decoding=\"async\" width=\"768\" height=\"1024\" src=\"http:\/\/normandie-nuisibles.fr\/wp-content\/uploads\/2025\/06\/20200522_150629-1-768x1024.jpg\" alt=\"\" class=\"wp-image-136\" style=\"width:388px;height:auto\" srcset=\"https:\/\/normandie-nuisibles.fr\/wp-content\/uploads\/2025\/06\/20200522_150629-1-768x1024.jpg 768w, https:\/\/normandie-nuisibles.fr\/wp-content\/uploads\/2025\/06\/20200522_150629-1-225x300.jpg 225w, https:\/\/normandie-nuisibles.fr\/wp-content\/uploads\/2025\/06\/20200522_150629-1-1152x1536.jpg 1152w, https:\/\/normandie-nuisibles.fr\/wp-content\/uploads\/2025\/06\/20200522_150629-1-1536x2048.jpg 1536w, https:\/\/normandie-nuisibles.fr\/wp-content\/uploads\/2025\/06\/20200522_150629-1-scaled.jpg 1920w\" sizes=\"auto, (max-width: 768px) 100vw, 768px\" \/><\/figure>\n<\/div>\n\n\n<div style=\"height:56px\" aria-hidden=\"true\" class=\"wp-block-spacer\"><\/div>\n\n\n<div class=\"wp-block-image\">\n<figure class=\"aligncenter size-large is-resized\"><img loading=\"lazy\" decoding=\"async\" width=\"768\" height=\"1024\" src=\"http:\/\/normandie-nuisibles.fr\/wp-content\/uploads\/2025\/06\/20220805_085751-768x1024.jpg\" alt=\"\" class=\"wp-image-158\" style=\"width:390px;height:auto\" srcset=\"https:\/\/normandie-nuisibles.fr\/wp-content\/uploads\/2025\/06\/20220805_085751-768x1024.jpg 768w, https:\/\/normandie-nuisibles.fr\/wp-content\/uploads\/2025\/06\/20220805_085751-225x300.jpg 225w, https:\/\/normandie-nuisibles.fr\/wp-content\/uploads\/2025\/06\/20220805_085751-1152x1536.jpg 1152w, https:\/\/normandie-nuisibles.fr\/wp-content\/uploads\/2025\/06\/20220805_085751-1536x2048.jpg 1536w, https:\/\/normandie-nuisibles.fr\/wp-content\/uploads\/2025\/06\/20220805_085751-1140x1520.jpg 1140w, https:\/\/normandie-nuisibles.fr\/wp-content\/uploads\/2025\/06\/20220805_085751-scaled.jpg 1920w\" sizes=\"auto, (max-width: 768px) 100vw, 768px\" \/><\/figure>\n<\/div>\n\n\n<div style=\"height:56px\" aria-hidden=\"true\" class=\"wp-block-spacer\"><\/div>\n\n\n<div class=\"wp-block-image\">\n<figure class=\"aligncenter size-large is-resized\"><img loading=\"lazy\" decoding=\"async\" width=\"1024\" height=\"683\" src=\"http:\/\/normandie-nuisibles.fr\/wp-content\/uploads\/2025\/06\/2018-08-01673-1024x683.jpg\" alt=\"\" class=\"wp-image-159\" style=\"width:417px;height:auto\" srcset=\"https:\/\/normandie-nuisibles.fr\/wp-content\/uploads\/2025\/06\/2018-08-01673-1024x683.jpg 1024w, https:\/\/normandie-nuisibles.fr\/wp-content\/uploads\/2025\/06\/2018-08-01673-300x200.jpg 300w, https:\/\/normandie-nuisibles.fr\/wp-content\/uploads\/2025\/06\/2018-08-01673-768x512.jpg 768w, https:\/\/normandie-nuisibles.fr\/wp-content\/uploads\/2025\/06\/2018-08-01673-1536x1024.jpg 1536w, https:\/\/normandie-nuisibles.fr\/wp-content\/uploads\/2025\/06\/2018-08-01673-2048x1365.jpg 2048w, https:\/\/normandie-nuisibles.fr\/wp-content\/uploads\/2025\/06\/2018-08-01673-1140x760.jpg 1140w\" sizes=\"auto, (max-width: 1024px) 100vw, 1024px\" \/><\/figure>\n<\/div>\n\n\n<div style=\"height:56px\" aria-hidden=\"true\" class=\"wp-block-spacer\"><\/div>\n\n\n<div class=\"wp-block-image\">\n<figure class=\"aligncenter size-full is-resized\"><img loading=\"lazy\" decoding=\"async\" width=\"300\" height=\"176\" src=\"http:\/\/normandie-nuisibles.fr\/wp-content\/uploads\/2025\/06\/cropped-destruction-guepes-narbonne-aude-allo-guepes-11-devis-gratuit-abeilles-alloguepesnarbonne-frelon-frelons-frelons-asiatiques.jpg\" alt=\"\" class=\"wp-image-227\" style=\"width:444px;height:auto\"\/><\/figure>\n<\/div>\n\n\n<div style=\"height:56px\" aria-hidden=\"true\" class=\"wp-block-spacer\"><\/div>\n\n\n\n<figure class=\"wp-block-gallery has-nested-images columns-default is-cropped wp-block-gallery-1 is-layout-flex wp-block-gallery-is-layout-flex\">\n<figure class=\"wp-block-image size-large is-resized\"><img loading=\"lazy\" decoding=\"async\" width=\"81\" height=\"80\" data-id=\"187\" src=\"http:\/\/normandie-nuisibles.fr\/wp-content\/uploads\/2025\/06\/Logo-CMA76.jpg\" alt=\"\" class=\"wp-image-187\" style=\"width:113px;height:auto\" srcset=\"https:\/\/normandie-nuisibles.fr\/wp-content\/uploads\/2025\/06\/Logo-CMA76.jpg 81w, https:\/\/normandie-nuisibles.fr\/wp-content\/uploads\/2025\/06\/Logo-CMA76-75x75.jpg 75w\" sizes=\"auto, (max-width: 81px) 100vw, 81px\" \/><\/figure>\n\n\n\n<figure class=\"wp-block-image size-large is-resized\"><img loading=\"lazy\" decoding=\"async\" width=\"1024\" height=\"1024\" data-id=\"183\" src=\"http:\/\/normandie-nuisibles.fr\/wp-content\/uploads\/2025\/06\/302734236_531825928745715_4811131826111517384_n-1024x1024.png\" alt=\"\" class=\"wp-image-183\" style=\"width:113px;height:auto\" srcset=\"https:\/\/normandie-nuisibles.fr\/wp-content\/uploads\/2025\/06\/302734236_531825928745715_4811131826111517384_n-1024x1024.png 1024w, https:\/\/normandie-nuisibles.fr\/wp-content\/uploads\/2025\/06\/302734236_531825928745715_4811131826111517384_n-300x300.png 300w, https:\/\/normandie-nuisibles.fr\/wp-content\/uploads\/2025\/06\/302734236_531825928745715_4811131826111517384_n-150x150.png 150w, https:\/\/normandie-nuisibles.fr\/wp-content\/uploads\/2025\/06\/302734236_531825928745715_4811131826111517384_n-768x768.png 768w, https:\/\/normandie-nuisibles.fr\/wp-content\/uploads\/2025\/06\/302734236_531825928745715_4811131826111517384_n-1536x1536.png 1536w, https:\/\/normandie-nuisibles.fr\/wp-content\/uploads\/2025\/06\/302734236_531825928745715_4811131826111517384_n-1140x1140.png 1140w, https:\/\/normandie-nuisibles.fr\/wp-content\/uploads\/2025\/06\/302734236_531825928745715_4811131826111517384_n-75x75.png 75w, https:\/\/normandie-nuisibles.fr\/wp-content\/uploads\/2025\/06\/302734236_531825928745715_4811131826111517384_n.png 1976w\" sizes=\"auto, (max-width: 1024px) 100vw, 1024px\" \/><\/figure>\n<\/figure>\n\n\n\n<figure class=\"wp-block-gallery has-nested-images columns-default is-cropped wp-block-gallery-2 is-layout-flex wp-block-gallery-is-layout-flex\"><\/figure>\n","protected":false},"excerpt":{"rendered":"<p>nous contacter au 06 30 49 92 52 A partir de 70\u20ac TTC intervention garantie toute l&rsquo;ann\u00e9e Normandie Nuisibles est une entreprise sp\u00e9cialis\u00e9 dans la destruction et enl\u00e8vement de ses nuisibles. Notre \u00e9quipe intervient 7 jours \/ 7 dimanche et jours f\u00e9ri\u00e9s sans suppl\u00e9ment afin de vous d\u00e9barrasser de ces insectes dangereux dans la une partie de la seine Maritime et de l&rsquo;Eure. TARIFS les tarifs indiqu\u00e9s comprennent le d\u00e9placement dans la zone forfaitaire 30km autour de Rouen et de Doudeville. C&rsquo;est essentiellement l&rsquo;accessibilit\u00e9 au nid qui influe le tarif de la destruction. Les tarifs sont TTC et garantie toute l&rsquo;ann\u00e9e o\u00f9 nous revenons gratuitement. Nous sommes conventionn\u00e9s avec le d\u00e9partement pour la prise en charge du frelons asiatiques. Au del\u00e0 de la zone forfaitaire pr\u00e9voir un suppl\u00e9ment de d\u00e9placement de 1\u20ac par kilom\u00e8tre.<\/p>\n","protected":false},"author":1,"featured_media":0,"parent":0,"menu_order":0,"comment_status":"closed","ping_status":"closed","template":"","meta":{"footnotes":""},"class_list":["post-81","page","type-page","status-publish","hentry"],"_links":{"self":[{"href":"https:\/\/normandie-nuisibles.fr\/index.php\/wp-json\/wp\/v2\/pages\/81","targetHints":{"allow":["GET"]}}],"collection":[{"href":"https:\/\/normandie-nuisibles.fr\/index.php\/wp-json\/wp\/v2\/pages"}],"about":[{"href":"https:\/\/normandie-nuisibles.fr\/index.php\/wp-json\/wp\/v2\/types\/page"}],"author":[{"embeddable":true,"href":"https:\/\/normandie-nuisibles.fr\/index.php\/wp-json\/wp\/v2\/users\/1"}],"replies":[{"embeddable":true,"href":"https:\/\/normandie-nuisibles.fr\/index.php\/wp-json\/wp\/v2\/comments?post=81"}],"version-history":[{"count":82,"href":"https:\/\/normandie-nuisibles.fr\/index.php\/wp-json\/wp\/v2\/pages\/81\/revisions"}],"predecessor-version":[{"id":326,"href":"https:\/\/normandie-nuisibles.fr\/index.php\/wp-json\/wp\/v2\/pages\/81\/revisions\/326"}],"wp:attachment":[{"href":"https:\/\/normandie-nuisibles.fr\/index.php\/wp-json\/wp\/v2\/media?parent=81"}],"curies":[{"name":"wp","href":"https:\/\/api.w.org\/{rel}","templated":true}]}}